{"id":4619,"date":"2025-10-23T12:13:45","date_gmt":"2025-10-23T10:13:45","guid":{"rendered":"https:\/\/ig-ehealth.ch\/politique-positions\/"},"modified":"2025-11-24T15:58:20","modified_gmt":"2025-11-24T14:58:20","slug":"politique-positions","status":"publish","type":"page","link":"https:\/\/ig-ehealth.ch\/fr\/politique-positions\/","title":{"rendered":"Politique \u2013 Positions"},"content":{"rendered":"\n<div class=\"wp-block-group alignfull is-style-default has-custom-hellpetrol-background-color has-background has-global-padding is-layout-constrained wp-container-core-group-is-layout-e629bfe0 wp-block-group-is-layout-constrained\" id=\"to-top\" style=\"margin-top:0px;margin-bottom:0px;padding-top:var(--wp--preset--spacing--large);padding-right:var(--wp--preset--spacing--medium);padding-bottom:var(--wp--preset--spacing--large);padding-left:var(--wp--preset--spacing--medium)\">\n<div class=\"wp-block-columns alignwide is-layout-flex wp-container-core-columns-is-layout-5f02b5ca wp-block-columns-is-layout-flex\" style=\"margin-top:0px;margin-bottom:0px\">\n<div class=\"wp-block-column is-vertically-aligned-top is-layout-flow wp-block-column-is-layout-flow\">\n<div class=\"wp-block-cover is-style-rounded-cover wp-duotone-unset-1 tw-block-animation tw-animation-fade-in-up\" style=\"--tw-animation-delay:0.7s;min-height:370px;aspect-ratio:unset;\"><img loading=\"lazy\" decoding=\"async\" width=\"640\" height=\"480\" sizes=\"auto, (max-width: 799px) 200vw, (max-width: 640px) 100vw, 640px\" class=\"wp-block-cover__image-background wp-image-187\" alt=\"\" src=\"https:\/\/ig-ehealth.ch\/wp-content\/uploads\/2024\/06\/Netzwerk_blaulayer_linksoben-640px.webp\" data-object-fit=\"cover\"\/><span aria-hidden=\"true\" class=\"wp-block-cover__background has-background-dim-0 has-background-dim\" style=\"background-color:#3f6d92\"><\/span><div class=\"wp-block-cover__inner-container is-layout-flow wp-block-cover-is-layout-flow\">\n<p class=\"has-text-align-center has-large-font-size\">Des investissements s\u00fbrs gr\u00e2ce \u00e0 la s\u00e9curit\u00e9 juridique.<\/p>\n<\/div><\/div>\n<\/div>\n\n\n\n<div class=\"wp-block-column is-vertically-aligned-center is-layout-flow wp-block-column-is-layout-flow\">\n<div class=\"wp-block-group is-vertical is-layout-flex wp-container-core-group-is-layout-0bc941e6 wp-block-group-is-layout-flex\">\n<div class=\"wp-block-group has-global-padding is-layout-constrained wp-container-core-group-is-layout-f5f3bcb8 wp-block-group-is-layout-constrained\">\n<h2 class=\"wp-block-heading\" style=\"font-size:clamp(1.378rem, 1.378rem + ((1vw - 0.2rem) * 1.484), 2.25rem);\">Nous encourageons la transition num\u00e9rique dans le secteur de la sant\u00e9<\/h2>\n<\/div>\n\n\n\n<div class=\"wp-block-group has-global-padding is-layout-constrained wp-block-group-is-layout-constrained\">\n<p style=\"font-size:clamp(0.901rem, 0.901rem + ((1vw - 0.2rem) * 0.764), 1.35rem);\">Nous soutenons les politiques et les autorit\u00e9s en leur apportant notre expertise technique et en \u00e9laborant des propositions concr\u00e8tes afin d&rsquo;accro\u00eetre la s\u00e9curit\u00e9 juridique et de pouvoir financer les investissements.<\/p>\n<\/div>\n<\/div>\n<\/div>\n<\/div>\n<\/div>\n\n<div class=\"wp-block-group alignfull has-custom-ig-hellblau-background-color has-background has-global-padding is-layout-constrained wp-container-core-group-is-layout-2f6c92f1 wp-block-group-is-layout-constrained\" style=\"margin-top:0px;margin-bottom:0rem;padding-top:var(--wp--preset--spacing--medium);padding-right:var(--wp--preset--spacing--medium);padding-bottom:var(--wp--preset--spacing--large);padding-left:var(--wp--preset--spacing--medium)\">\n<h2 class=\"wp-block-heading has-text-align-center\">Un bon r\u00e9seau, comp\u00e9tent et efficace<\/h2>\n\n\n\n<div class=\"wp-block-columns alignwide tw-cols-stack-md-2 is-layout-flex wp-container-core-columns-is-layout-fa6b1ff9 wp-block-columns-is-layout-flex\">\n<div class=\"wp-block-column has-base-background-color has-background tw-stretched-link is-layout-flow wp-block-column-is-layout-flow tw-block-animation tw-animation-fade-in-up tw-duration-2\" style=\"padding-top:24px;padding-right:24px;padding-bottom:24px;padding-left:24px;box-shadow:var(--wp--preset--shadow--natural)\">\n<figure class=\"wp-block-image size-full is-resized\"><img loading=\"lazy\" decoding=\"async\" width=\"100\" height=\"100\" src=\"https:\/\/ig-ehealth.ch\/wp-content\/uploads\/2024\/10\/mitglieder-piktogramm-ig-ehealth.png\" alt=\"\" class=\"wp-image-2111\" style=\"width:65px\"\/><\/figure>\n\n\n\n<h3 class=\"wp-block-heading tw-link-hover-underline has-link-color wp-elements-69dd6c29b93f040ea788cc6cd1d488da\"><a href=\"#positionsbezuege\" data-type=\"internal\" data-id=\"#positionsbezuege\">R\u00e9f\u00e9rences de poste<\/a><\/h3>\n\n\n\n<p>La mise en r\u00e9seau num\u00e9rique dans le secteur de la sant\u00e9 est une opportunit\u00e9 qu&rsquo;il faut saisir. Cependant, il existe \u00e9galement des d\u00e9fis et des risques, tels que la protection des donn\u00e9es, la s\u00e9curit\u00e9 des donn\u00e9es, l&rsquo;interop\u00e9rabilit\u00e9 ou l&rsquo;acceptation.<\/p>\n<\/div>\n\n\n\n<div class=\"wp-block-column has-base-background-color has-background tw-stretched-link is-layout-flow wp-block-column-is-layout-flow tw-block-animation tw-animation-fade-in-up tw-duration-2\" style=\"padding-top:24px;padding-right:24px;padding-bottom:24px;padding-left:24px;box-shadow:var(--wp--preset--shadow--natural)\">\n<figure class=\"wp-block-image size-full is-resized\"><img loading=\"lazy\" decoding=\"async\" width=\"100\" height=\"100\" src=\"https:\/\/ig-ehealth.ch\/wp-content\/uploads\/2024\/10\/politik-piktogramm-ig-ehealth.png\" alt=\"\" class=\"wp-image-2118\" style=\"width:65px\"\/><\/figure>\n\n\n\n<h3 class=\"wp-block-heading\"><a href=\"https:\/\/ig-ehealth.ch\/fr\/politique\/\" data-type=\"page\" data-id=\"29\">Consultations<\/a><\/h3>\n\n\n\n<p>Le GI eHealth participe activement au processus politique et prend part aux consultations.<\/p>\n\n\n\n<p>Les soumissions ci-dessous constituent la base du soutien aux d\u00e9cideurs politiques.<\/p>\n<\/div>\n<\/div>\n<\/div>\n\n<div class=\"wp-block-group alignfull has-custom-hellpetrol-background-color has-background has-global-padding is-layout-constrained wp-block-group-is-layout-constrained\" id=\"positionsbezuege\" style=\"margin-top:0;margin-bottom:0;padding-top:0;padding-bottom:var(--wp--preset--spacing--medium)\">\n<h2 class=\"wp-block-heading alignwide\" style=\"margin-top:0;margin-bottom:0;padding-top:var(--wp--preset--spacing--medium);padding-bottom:0\">Articles prise de position<\/h2>\n\n\n\n<section class=\"wp-block-group alignfull has-custom-hellpetrol-background-color has-background has-global-padding is-layout-constrained wp-container-core-group-is-layout-7a974697 wp-block-group-is-layout-constrained\" style=\"margin-top:0px;margin-bottom:0px;padding-top:var(--wp--preset--spacing--medium);padding-right:var(--wp--preset--spacing--medium);padding-bottom:var(--wp--preset--spacing--medium);padding-left:var(--wp--preset--spacing--medium)\">\n<div class=\"wp-block-query alignwide tw-mt-5 is-layout-flow wp-block-query-is-layout-flow\"><ul class=\"columns-3 alignwide wp-block-post-template has-base-font-size is-layout-grid wp-container-core-post-template-is-layout-6aac66c0 wp-block-post-template-is-layout-grid\"><li class=\"wp-block-post post-4386 post type-post status-publish format-standard has-post-thumbnail hentry category-prise-de-position tag-systeme-dinformation-clinique tag-systeme-dinformation-du-cabinet-medical\">\n\n<div class=\"wp-block-group has-base-background-color has-background tw-stretched-link is-layout-flow wp-container-core-group-is-layout-24d231e0 wp-block-group-is-layout-flow tw-block-animation tw-animation-fade-in-up\" style=\"--tw-animation-delay:0.8s;border-radius:5px;margin-top:0;margin-bottom:0;padding-top:var(--wp--preset--spacing--medium);padding-right:var(--wp--preset--spacing--medium);padding-bottom:var(--wp--preset--spacing--medium);padding-left:var(--wp--preset--spacing--medium);box-shadow:var(--wp--preset--shadow--natural)\"><figure style=\"aspect-ratio:3\/2;\" class=\"is-style-default wp-block-post-featured-image\"><a href=\"https:\/\/ig-ehealth.ch\/fr\/acquisition-de-systemes-dinformation-pour-les-cliniques-et-les-cabinets-medicaux-position-gi-ehealth\/\" target=\"_self\"  ><img loading=\"lazy\" decoding=\"async\" width=\"720\" height=\"480\" src=\"https:\/\/ig-ehealth.ch\/wp-content\/uploads\/2025\/10\/Bild_KIS.jpg\" class=\"attachment-post-thumbnail size-post-thumbnail wp-post-image\" alt=\"Position du GI eHealth\" style=\"border-radius:5px;width:100%;height:100%;object-fit:cover;\" \/><\/a><\/figure>\n\n\n<div class=\"wp-block-group is-content-justification-space-between is-layout-flex wp-container-core-group-is-layout-a1fc08c2 wp-block-group-is-layout-flex\"><div class=\"taxonomy-category has-link-color wp-elements-9b4efeedfde99ca78577e1d9825a1f1b wp-block-post-terms has-text-color has-custom-petrol-color has-x-small-font-size\"><a href=\"https:\/\/ig-ehealth.ch\/fr\/category\/prise-de-position\/\" rel=\"tag\">Prise de position<\/a><\/div><\/div>\n\n\n\n<div class=\"wp-block-group is-vertical is-content-justification-left is-layout-flex wp-container-core-group-is-layout-ca62ba71 wp-block-group-is-layout-flex\"><h2 style=\"font-style:normal;font-weight:600;text-decoration:none; margin-top:0px;margin-right:0px;margin-bottom:0px;margin-left:0px;\" class=\"has-link-color wp-elements-894a6b62d5b47320783dcea59394d493 wp-block-post-title has-text-color has-custom-ig-e-health-dunkler-color has-base-font-size\">Position du GI eHealth<\/h2>\n\n<div class=\"has-link-color is-style-excerpt-truncate-3 wp-elements-5e9de02115f3640f2d0145d8dea67389 wp-block-post-excerpt has-small-font-size\"><p class=\"wp-block-post-excerpt__excerpt\">Acquisition de syst\u00e8mes d&rsquo;information pour cliniques et cabinets m\u00e9dicaux (syst\u00e8mes primaires des fournisseurs de prestations) Le GI eHealth s&rsquo;engage pour les principes suivants :<\/p><p class=\"wp-block-post-excerpt__more-text\"><a class=\"wp-block-post-excerpt__more-link\" href=\"https:\/\/ig-ehealth.ch\/fr\/acquisition-de-systemes-dinformation-pour-les-cliniques-et-les-cabinets-medicaux-position-gi-ehealth\/\">plus \u2794<\/a><\/p><\/div>\n\n<div class=\"wp-block-post-date has-text-color has-secondary-color has-x-small-font-size\"><time datetime=\"2025-10-06T14:06:07+02:00\">6 octobre 2025<\/time><\/div><\/div>\n<\/div>\n\n<\/li><li class=\"wp-block-post post-3094 post type-post status-publish format-standard has-post-thumbnail hentry category-prise-de-position tag-gi-ehealth tag-taches-principales\">\n\n<div class=\"wp-block-group has-base-background-color has-background tw-stretched-link is-layout-flow wp-container-core-group-is-layout-24d231e0 wp-block-group-is-layout-flow tw-block-animation tw-animation-fade-in-up\" style=\"--tw-animation-delay:0.8s;border-radius:5px;margin-top:0;margin-bottom:0;padding-top:var(--wp--preset--spacing--medium);padding-right:var(--wp--preset--spacing--medium);padding-bottom:var(--wp--preset--spacing--medium);padding-left:var(--wp--preset--spacing--medium);box-shadow:var(--wp--preset--shadow--natural)\"><figure style=\"aspect-ratio:3\/2;\" class=\"is-style-default wp-block-post-featured-image\"><a href=\"https:\/\/ig-ehealth.ch\/fr\/priorites-gi-ehealth-pour-2025\/\" target=\"_self\"  ><img loading=\"lazy\" decoding=\"async\" width=\"720\" height=\"480\" src=\"https:\/\/ig-ehealth.ch\/wp-content\/uploads\/2024\/08\/bundeshauskuppel-bundesgasse.webp\" class=\"attachment-post-thumbnail size-post-thumbnail wp-post-image\" alt=\"Priorit\u00e9s du GI eHealth pour 2025\" style=\"border-radius:5px;width:100%;height:100%;object-fit:cover;\" \/><\/a><\/figure>\n\n\n<div class=\"wp-block-group is-content-justification-space-between is-layout-flex wp-container-core-group-is-layout-a1fc08c2 wp-block-group-is-layout-flex\"><div class=\"taxonomy-category has-link-color wp-elements-9b4efeedfde99ca78577e1d9825a1f1b wp-block-post-terms has-text-color has-custom-petrol-color has-x-small-font-size\"><a href=\"https:\/\/ig-ehealth.ch\/fr\/category\/prise-de-position\/\" rel=\"tag\">Prise de position<\/a><\/div><\/div>\n\n\n\n<div class=\"wp-block-group is-vertical is-content-justification-left is-layout-flex wp-container-core-group-is-layout-ca62ba71 wp-block-group-is-layout-flex\"><h2 style=\"font-style:normal;font-weight:600;text-decoration:none; margin-top:0px;margin-right:0px;margin-bottom:0px;margin-left:0px;\" class=\"has-link-color wp-elements-894a6b62d5b47320783dcea59394d493 wp-block-post-title has-text-color has-custom-ig-e-health-dunkler-color has-base-font-size\">Priorit\u00e9s du GI eHealth pour 2025<\/h2>\n\n<div class=\"has-link-color is-style-excerpt-truncate-3 wp-elements-5e9de02115f3640f2d0145d8dea67389 wp-block-post-excerpt has-small-font-size\"><p class=\"wp-block-post-excerpt__excerpt\">Le 22 janvier 2025, le comit\u00e9 a fix\u00e9 les priorit\u00e9s du GI eHealth. Ci-dessous, les t\u00e2ches principales 2025 en bref : Suivi et gestion des enjeux Politique f\u00e9d\u00e9rale D\u00e9fense des int\u00e9r\u00eats des parties prenantes Information\/communication Partenariats strat\u00e9giques D\u00e9veloppement de l&rsquo;association<\/p><p class=\"wp-block-post-excerpt__more-text\"><a class=\"wp-block-post-excerpt__more-link\" href=\"https:\/\/ig-ehealth.ch\/fr\/priorites-gi-ehealth-pour-2025\/\">plus \u2794<\/a><\/p><\/div>\n\n<div class=\"wp-block-post-date has-text-color has-secondary-color has-x-small-font-size\"><time datetime=\"2025-01-30T13:55:51+01:00\">30 janvier 2025<\/time><\/div><\/div>\n<\/div>\n\n<\/li><\/ul><\/div>\n<\/section>\n\n\n\n<div class=\"wp-block-columns alignwide is-layout-flex wp-container-core-columns-is-layout-3f070152 wp-block-columns-is-layout-flex\" style=\"padding-top:0;padding-right:var(--wp--preset--spacing--large);padding-bottom:var(--wp--preset--spacing--small);padding-left:var(--wp--preset--spacing--large)\">\n<div class=\"wp-block-column is-layout-flow wp-block-column-is-layout-flow\" style=\"flex-basis:45%\">\n<figure class=\"wp-block-image size-full\"><img decoding=\"async\" src=\"https:\/\/ig-ehealth.ch\/wp-content\/uploads\/2025\/11\/entwicklung-neuer-digitaler-loesungen-im-gesund&#xAD;heits&#xAD;wesen.svg\" alt=\"Illustration symbolique du d&#xE9;veloppement de solutions num&#xE9;riques universelles dans le secteur de la sant&#xE9;\" class=\"wp-image-5046\"\/><\/figure>\n<\/div>\n\n\n\n<div class=\"wp-block-column is-vertically-aligned-center is-layout-flow wp-block-column-is-layout-flow\">\n<div class=\"wp-block-buttons has-custom-font-size is-content-justification-right is-layout-flex wp-container-core-buttons-is-layout-52f6780c wp-block-buttons-is-layout-flex\" style=\"padding-top:var(--wp--preset--spacing--small);padding-bottom:var(--wp--preset--spacing--small);font-size:clamp(0.901rem, 0.901rem + ((1vw - 0.2rem) * 0.764), 1.35rem);\">\n<div class=\"wp-block-button\"><a class=\"wp-block-button__link wp-element-button\" href=\"https:\/\/ig-ehealth.ch\/fr\/politique-positions\/\">retour en haut de page \u2191<\/a><\/div>\n<\/div>\n<\/div>\n<\/div>\n<\/div>\n","protected":false},"excerpt":{"rendered":"<p>Nous encourageons la transition num\u00e9rique dans le secteur de la sant\u00e9 Nous soutenons les politiques et les autorit\u00e9s en leur apportant notre expertise technique et en \u00e9laborant des propositions concr\u00e8tes afin d&rsquo;accro\u00eetre la s\u00e9curit\u00e9 juridique et de pouvoir financer les investissements. Un bon r\u00e9seau, comp\u00e9tent et efficace R\u00e9f\u00e9rences de poste La mise en r\u00e9seau num\u00e9rique [&hellip;]<\/p>\n","protected":false},"author":1,"featured_media":0,"parent":0,"menu_order":40,"comment_status":"closed","ping_status":"closed","template":"page-no-title","meta":{"footnotes":""},"class_list":["post-4619","page","type-page","status-publish","hentry"],"_links":{"self":[{"href":"https:\/\/ig-ehealth.ch\/fr\/wp-json\/wp\/v2\/pages\/4619","targetHints":{"allow":["GET"]}}],"collection":[{"href":"https:\/\/ig-ehealth.ch\/fr\/wp-json\/wp\/v2\/pages"}],"about":[{"href":"https:\/\/ig-ehealth.ch\/fr\/wp-json\/wp\/v2\/types\/page"}],"author":[{"embeddable":true,"href":"https:\/\/ig-ehealth.ch\/fr\/wp-json\/wp\/v2\/users\/1"}],"replies":[{"embeddable":true,"href":"https:\/\/ig-ehealth.ch\/fr\/wp-json\/wp\/v2\/comments?post=4619"}],"version-history":[{"count":12,"href":"https:\/\/ig-ehealth.ch\/fr\/wp-json\/wp\/v2\/pages\/4619\/revisions"}],"predecessor-version":[{"id":5153,"href":"https:\/\/ig-ehealth.ch\/fr\/wp-json\/wp\/v2\/pages\/4619\/revisions\/5153"}],"wp:attachment":[{"href":"https:\/\/ig-ehealth.ch\/fr\/wp-json\/wp\/v2\/media?parent=4619"}],"curies":[{"name":"wp","href":"https:\/\/api.w.org\/{rel}","templated":true}]}}