{"id":1415,"date":"2024-05-29T12:35:40","date_gmt":"2024-05-29T10:35:40","guid":{"rendered":"https:\/\/ig-ehealth.ch\/declaration-de-confidentialite\/"},"modified":"2026-01-18T16:12:53","modified_gmt":"2026-01-18T15:12:53","slug":"declaration-de-confidentialite","status":"publish","type":"page","link":"https:\/\/ig-ehealth.ch\/fr\/declaration-de-confidentialite\/","title":{"rendered":"D\u00e9claration de confidentialit\u00e9"},"content":{"rendered":"\n<p>Par la pr\u00e9sente d\u00e9claration de protection des donn\u00e9es, nous vous informons des donn\u00e9es personnelles que nous traitons dans le cadre de nos activit\u00e9s et de nos op\u00e9rations, y compris notre site Internet ig-ehealth.ch. Nous vous informons en particulier de l&rsquo;objet, de la mani\u00e8re et du lieu du traitement des donn\u00e9es personnelles. Nous vous informons \u00e9galement des droits des personnes dont nous traitons les donn\u00e9es.  <br\/><br\/>D&rsquo;autres d\u00e9clarations de protection des donn\u00e9es ainsi que d&rsquo;autres documents juridiques tels que les conditions g\u00e9n\u00e9rales de vente (CGV), les conditions d&rsquo;utilisation ou les conditions de participation peuvent s&rsquo;appliquer \u00e0 des activit\u00e9s et activit\u00e9s individuelles ou suppl\u00e9mentaires.<\/p>\n\n<h2 class=\"wp-block-heading\" style=\"padding-top:var(--wp--preset--spacing--medium);padding-bottom:var(--wp--preset--spacing--small)\">1. adresse de contact<\/h2>\n\n<p>Responsabilit\u00e9 du traitement des donn\u00e9es personnelles :<br\/><\/p>\n\n<p>GI eHealth<br\/>c\/o K\u00f6hler, St\u00fcdeli &amp; Partner GmbH<br\/>Amthausgasse 18<br\/>3011 Berne<br\/>T +41 31 560 00 25<br\/><a href=\"mailto:info@ig-ehealth.ch\" target=\"_blank\" rel=\"noreferrer noopener nofollow\">info@ig-ehealth.ch<\/a><br\/><br\/>Nous attirons votre attention sur le fait qu&rsquo;il existe dans certains cas d&rsquo;autres responsables du traitement des donn\u00e9es personnelles.<\/p>\n\n<h2 class=\"wp-block-heading\" style=\"padding-top:var(--wp--preset--spacing--medium);padding-bottom:var(--wp--preset--spacing--small)\">2. notions et bases juridiques<\/h2>\n\n<h3 class=\"wp-block-heading\" style=\"padding-top:var(--wp--preset--spacing--small);padding-bottom:var(--wp--preset--spacing--small)\">2.1 D\u00e9finitions<\/h3>\n\n<p>Les donn\u00e9es personnelles sont toutes les informations qui se rapportent \u00e0 une personne physique identifi\u00e9e ou identifiable. Une personne concern\u00e9e est une personne au sujet de laquelle nous traitons des donn\u00e9es personnelles. <br\/><br\/>Le traitement comprend toute manipulation de donn\u00e9es personnelles, quels que soient les moyens et proc\u00e9d\u00e9s utilis\u00e9s, tels que la consultation, la comparaison, l&rsquo;adaptation, l&rsquo;archivage, la conservation, l&rsquo;extraction, la communication, la collecte, la saisie, la collecte, l&rsquo;effacement, la divulgation, le classement, l&rsquo;organisation, le stockage, la modification, la diffusion, l&rsquo;interconnexion, la destruction et l&rsquo;utilisation de donn\u00e9es personnelles.<\/p>\n\n<h3 class=\"wp-block-heading\" style=\"padding-top:var(--wp--preset--spacing--small);padding-bottom:var(--wp--preset--spacing--small)\">2.2 Bases juridiques<\/h3>\n\n<p>Nous traitons les donn\u00e9es personnelles conform\u00e9ment \u00e0 la l\u00e9gislation suisse sur la protection des donn\u00e9es, notamment la loi f\u00e9d\u00e9rale sur la protection des donn\u00e9es (LPD) et le r\u00e8glement sur la<a href=\"https:\/\/www.bj.admin.ch\/bj\/fr\/home\/staat\/datenschutz\/rechtsgrundlagen.html\" target=\"_blank\" rel=\"noreferrer noopener\">protection des donn\u00e9es (RGPD<\/a>).<\/p>\n\n<h2 class=\"wp-block-heading\" style=\"padding-top:var(--wp--preset--spacing--medium);padding-bottom:var(--wp--preset--spacing--small)\">3. nature, port\u00e9e et objectif<\/h2>\n\n<p>Nous traitons les donn\u00e9es personnelles n\u00e9cessaires \u00e0 l&rsquo;exercice durable, convivial, s\u00fbr et fiable de nos activit\u00e9s et de nos op\u00e9rations. Ces donn\u00e9es personnelles peuvent notamment appartenir aux cat\u00e9gories suivantes : donn\u00e9es d&rsquo;inventaire et de contact, donn\u00e9es de navigateur et d&rsquo;appareil, donn\u00e9es de contenu, m\u00e9tadonn\u00e9es ou donn\u00e9es marginales et donn\u00e9es d&rsquo;utilisation, donn\u00e9es de localisation, donn\u00e9es de vente ainsi que donn\u00e9es de contrat et de paiement. <br\/><br\/>Nous traitons les donn\u00e9es personnelles pendant la dur\u00e9e n\u00e9cessaire \u00e0 l&rsquo;objectif ou aux objectifs concern\u00e9s ou conform\u00e9ment \u00e0 la loi. Les donn\u00e9es personnelles dont le traitement n&rsquo;est plus n\u00e9cessaire sont rendues anonymes ou supprim\u00e9es. <br\/><br\/>Nous pouvons faire traiter des donn\u00e9es personnelles par des tiers. Nous pouvons traiter des donn\u00e9es personnelles en collaboration avec des tiers ou les transmettre \u00e0 des tiers. Ces tiers sont notamment des fournisseurs sp\u00e9cialis\u00e9s dont nous utilisons les services. Nous garantissons \u00e9galement la protection des donn\u00e9es aupr\u00e8s de ces tiers.   <br\/><br\/>En principe, nous ne traitons les donn\u00e9es personnelles qu&rsquo;avec le consentement des personnes concern\u00e9es. Si et dans la mesure o\u00f9 le traitement est autoris\u00e9 pour d&rsquo;autres raisons juridiques, nous pouvons nous dispenser de demander un consentement. Nous pouvons par exemple traiter des donn\u00e9es personnelles sans consentement afin d&rsquo;ex\u00e9cuter un contrat, de respecter des obligations l\u00e9gales ou de pr\u00e9server des int\u00e9r\u00eats pr\u00e9pond\u00e9rants.  <br\/><br\/>Dans ce cadre, nous traitons notamment les informations qu&rsquo;une personne concern\u00e9e nous transmet volontairement lors d&rsquo;une prise de contact - par exemple par courrier postal, e-mail, messagerie instantan\u00e9e, formulaire de contact, m\u00e9dias sociaux ou t\u00e9l\u00e9phone \u2013 ou lors de l&rsquo;enregistrement d&rsquo;un compte utilisateur. Nous pouvons par exemple stocker ces informations dans un carnet d&rsquo;adresses, dans un syst\u00e8me de gestion de la relation client (CRM) ou \u00e0 l&rsquo;aide d&rsquo;outils comparables. Lorsque nous recevons des donn\u00e9es sur d&rsquo;autres personnes, les personnes qui les transmettent sont tenues de garantir la protection des donn\u00e9es \u00e0 ces personnes et de veiller \u00e0 l&rsquo;exactitude de ces donn\u00e9es personnelles.  <br\/><br\/>Nous traitons \u00e9galement les donn\u00e9es personnelles que nous recevons de tiers, que nous obtenons de sources accessibles au public ou que nous collectons dans le cadre de nos activit\u00e9s et de nos op\u00e9rations, si et dans la mesure o\u00f9 un tel traitement est autoris\u00e9 pour des raisons juridiques.<\/p>\n\n<h2 class=\"wp-block-heading\" style=\"padding-top:var(--wp--preset--spacing--medium);padding-bottom:var(--wp--preset--spacing--small)\">4. donn\u00e9es personnelles \u00e0 l&rsquo;\u00e9tranger<\/h2>\n\n<p>Nous traitons en principe les donn\u00e9es personnelles en Suisse. Nous pouvons toutefois communiquer ou exporter des donn\u00e9es personnelles vers d&rsquo;autres pays, notamment pour les traiter ou les faire traiter dans ces pays. <br\/><br\/>Nous pouvons divulguer des donn\u00e9es personnelles dans tous les pays et territoires de la plan\u00e8te et ailleurs dans l&rsquo;univers, \u00e0 condition que la l\u00e9gislation locale garantisse une protection ad\u00e9quate des donn\u00e9es, conform\u00e9ment \u00e0 la d\u00e9cision du Conseil f\u00e9d\u00e9ral suisse.<br\/><br\/>Nous pouvons divulguer des donn\u00e9es personnelles dans des pays dont la l\u00e9gislation ne garantit pas une protection ad\u00e9quate des donn\u00e9es, \u00e0 condition qu&rsquo;une protection des donn\u00e9es appropri\u00e9e soit assur\u00e9e pour d&rsquo;autres raisons. Une protection ad\u00e9quate des donn\u00e9es peut \u00eatre assur\u00e9e, par exemple, par des accords contractuels appropri\u00e9s, sur la base de clauses standard de protection des donn\u00e9es ou avec d&rsquo;autres garanties appropri\u00e9es.   <br\/><br\/>Exceptionnellement, nous pouvons exporter des donn\u00e9es personnelles vers des pays ne disposant pas d&rsquo;une protection des donn\u00e9es ad\u00e9quate ou appropri\u00e9e, si les conditions particuli\u00e8res de protection des donn\u00e9es sont remplies, par exemple le consentement explicite des personnes concern\u00e9es ou un lien direct avec la conclusion ou l&rsquo;ex\u00e9cution d&rsquo;un contrat. Sur demande, nous fournissons volontiers aux personnes concern\u00e9es des informations sur d&rsquo;\u00e9ventuelles garanties ou une copie des garanties. <\/p>\n\n<h2 class=\"wp-block-heading\" style=\"padding-top:var(--wp--preset--spacing--medium);padding-bottom:var(--wp--preset--spacing--small)\">5. droits des personnes concern\u00e9es<\/h2>\n\n<h3 class=\"wp-block-heading\" style=\"padding-top:var(--wp--preset--spacing--small);padding-bottom:var(--wp--preset--spacing--small)\">5.1 Droits en mati\u00e8re de protection des donn\u00e9es<\/h3>\n\n<p>Nous accordons aux personnes concern\u00e9es tous les droits pr\u00e9vus par la l\u00e9gislation applicable en mati\u00e8re de protection des donn\u00e9es. Les personnes concern\u00e9es disposent notamment des droits suivants : <br\/><br\/><strong>Information :<\/strong> les personnes concern\u00e9es peuvent demander \u00e0 savoir si nous traitons des donn\u00e9es personnelles les concernant et, dans l&rsquo;affirmative, de quelles donn\u00e9es personnelles il s&rsquo;agit. Les personnes concern\u00e9es re\u00e7oivent \u00e9galement les informations n\u00e9cessaires pour faire valoir leurs droits en mati\u00e8re de protection des donn\u00e9es et pour garantir la transparence. Il s&rsquo;agit des donn\u00e9es personnelles trait\u00e9es en tant que telles, mais aussi, entre autres, des informations sur le but du traitement, la dur\u00e9e de conservation, une \u00e9ventuelle communication ou exportation de donn\u00e9es dans d&rsquo;autres pays et l&rsquo;origine des donn\u00e9es personnelles.  <br\/><br\/><strong>Rectification et limitation :<\/strong> les personnes concern\u00e9es peuvent faire rectifier des donn\u00e9es personnelles inexactes, faire compl\u00e9ter des donn\u00e9es incompl\u00e8tes et faire limiter le traitement de leurs donn\u00e9es.<br\/><br\/><strong>Effacement et opposition :<\/strong> les personnes concern\u00e9es peuvent faire effacer leurs donn\u00e9es personnelles (\u00ab droit \u00e0 l&rsquo;oubli \u00bb) et s&rsquo;opposer au traitement de leurs donn\u00e9es avec effet pour l&rsquo;avenir.<br\/><br\/><strong>la divulgation et le transfert des donn\u00e9es :<\/strong> Les personnes concern\u00e9es peuvent demander la restitution de donn\u00e9es personnelles ou le transfert de leurs donn\u00e9es \u00e0 un autre responsable du traitement.<br\/><br\/>Nous pouvons suspendre, limiter ou refuser l&rsquo;exercice des droits des personnes concern\u00e9es dans les limites autoris\u00e9es par la loi. Nous pouvons attirer l&rsquo;attention des personnes concern\u00e9es sur les conditions \u00e0 remplir, le cas \u00e9ch\u00e9ant, pour l&rsquo;exercice de leurs droits en mati\u00e8re de protection des donn\u00e9es.   <br\/><br\/>Nous pouvons par exemple refuser de fournir tout ou partie des informations en invoquant le secret des affaires ou la protection d&rsquo;autres personnes. Nous pouvons \u00e9galement refuser, par exemple, de supprimer tout ou partie des donn\u00e9es personnelles en invoquant des obligations l\u00e9gales de conservation. <br\/><br\/>Nous pouvons exceptionnellement pr\u00e9voir des frais pour l&rsquo;exercice des droits. Nous informons pr\u00e9alablement les personnes concern\u00e9es des frais \u00e9ventuels. <br\/><br\/>Nous sommes tenus de prendre des mesures raisonnables pour identifier les personnes concern\u00e9es qui demandent des informations ou font valoir d&rsquo;autres droits. Les personnes concern\u00e9es sont tenues de coop\u00e9rer. <\/p>\n","protected":false},"excerpt":{"rendered":"<p>Par la pr\u00e9sente d\u00e9claration de protection des donn\u00e9es, nous vous informons des donn\u00e9es personnelles que nous traitons dans le cadre de nos activit\u00e9s et de nos op\u00e9rations, y compris notre site Internet ig-ehealth.ch. Nous vous informons en particulier de l&rsquo;objet, de la mani\u00e8re et du lieu du traitement des donn\u00e9es personnelles. Nous vous informons \u00e9galement [&hellip;]<\/p>\n","protected":false},"author":1,"featured_media":0,"parent":0,"menu_order":101,"comment_status":"closed","ping_status":"closed","template":"","meta":{"footnotes":""},"class_list":["post-1415","page","type-page","status-publish","hentry"],"_links":{"self":[{"href":"https:\/\/ig-ehealth.ch\/fr\/wp-json\/wp\/v2\/pages\/1415","targetHints":{"allow":["GET"]}}],"collection":[{"href":"https:\/\/ig-ehealth.ch\/fr\/wp-json\/wp\/v2\/pages"}],"about":[{"href":"https:\/\/ig-ehealth.ch\/fr\/wp-json\/wp\/v2\/types\/page"}],"author":[{"embeddable":true,"href":"https:\/\/ig-ehealth.ch\/fr\/wp-json\/wp\/v2\/users\/1"}],"replies":[{"embeddable":true,"href":"https:\/\/ig-ehealth.ch\/fr\/wp-json\/wp\/v2\/comments?post=1415"}],"version-history":[{"count":8,"href":"https:\/\/ig-ehealth.ch\/fr\/wp-json\/wp\/v2\/pages\/1415\/revisions"}],"predecessor-version":[{"id":5228,"href":"https:\/\/ig-ehealth.ch\/fr\/wp-json\/wp\/v2\/pages\/1415\/revisions\/5228"}],"wp:attachment":[{"href":"https:\/\/ig-ehealth.ch\/fr\/wp-json\/wp\/v2\/media?parent=1415"}],"curies":[{"name":"wp","href":"https:\/\/api.w.org\/{rel}","templated":true}]}}